{"id":219816,"date":"2021-07-20T10:53:46","date_gmt":"2021-07-20T14:53:46","guid":{"rendered":"https:\/\/www.cyberark.com\/trust\/privacy\/"},"modified":"2026-02-11T12:42:03","modified_gmt":"2026-02-11T17:42:03","slug":"privacy","status":"publish","type":"page","link":"https:\/\/www.cyberark.com\/it\/trust\/privacy\/","title":{"rendered":"Privacy"},"content":{"rendered":"<div class=\"wpb-content-wrapper\"><p>[vc_row full_width=&#8221;stretch_row&#8221; el_class=&#8221;cybv2 int-hero-noimg dark&#8221;][vc_column width=&#8221;3\/4&#8243; el_class=&#8221;column-1&#8243;][vc_column_text el_class=&#8221;cyb-breadcrumb&#8221;]<i class=\"fa fa-long-arrow-left\"><\/i><a href=\"https:\/\/www.cyberark.com\/it\/trust\/\">Torna al Trust Center<\/a>[\/vc_column_text][vc_column_text]<\/p>\n<h1>Privacy e protezione dei dati<\/h1>\n<p><\/p>\n<h2>CyberArk si impegna a proteggere i tuoi dati da accessi non autorizzati e supporta la tua azienda nel mantenere conformit\u00e0 alla privacy dei dati.<\/h2>\n<p>[\/vc_column_text][\/vc_column][\/vc_row][vc_row full_width=&#8221;stretch_row&#8221; el_class=&#8221;cybv2 cybv2-pad privacy&#8221;][vc_column width=&#8221;2\/3&#8243; offset=&#8221;vc_col-sm-offset-2&#8243;][vc_column_text css=&#8221;&#8221;]CyberArk is a Palo Alto Networks Company. For information on how Palo Alto Networks processes personal data, visit <a href=\"https:\/\/www.paloaltonetworks.com\/legal-notices\/trust-center\/privacy\">https:\/\/www.paloaltonetworks.com\/legal-notices\/trust-center\/privacy<\/a>.<\/p>\n<p>&nbsp;<\/p>\n<p>&nbsp;<\/p>\n<p class=\"text-center\"><strong>Il nostro approccio alla privacy e alla protezione dei dati<\/strong><\/p>\n<p>In CyberArk, il nostro impegno specifico \u00e8 volto a tutelare la tua privacy e dei tuoi dipendenti. Scopri di pi\u00f9 sul nostro impegno per la privacy e la protezione dei dati qui di seguito.<\/p>\n<p><strong>Informativa sulla privacy <\/strong><\/p>\n<p>Ci impegniamo a garantire trasparenza, affinch\u00e9 tu possa conoscere come utilizziamo i dati personali nei nostri processi aziendali. <a href=\"https:\/\/www.cyberark.com\/it\/privacy-notice\/\">La nostra informativa sulla privacy<\/a> ti illustra quali informazioni raccogliamo su di te, come le utilizziamo e proteggiamo.<\/p>\n<p><strong>FAQ sulla privacy e la protezione dei dati <\/strong><\/p>\n<p>Il nostro impegno \u00e8 garantire la massima trasparenza su come gestiamo i dati personali degli utenti dei nostri clienti per loro conto \u2013 secondo quanto indicato nel nostro <a href=\"https:\/\/www.cyberark.com\/privacy-and-data-protection-faqs\/\">FAQ sulla privacy e la protezione dei dati dei clienti<\/a>.<\/p>\n<p><strong>GDPR e ulteriori normative applicabili sulla privacy <\/strong><\/p>\n<p>Ci impegniamo a rispettare GDPR, CCPA, CPRA e altre normative applicabili sulla privacy e protezione dei dati in tutto il mondo. Ci\u00f2 comprende la gestione di un programma globale di conformit\u00e0 alla privacy e la formazione del nostro personale sulle modalit\u00e0 di trattamento dei dati di clienti e partner.<\/p>\n<p><strong>Addendum sul trattamento dei dati <\/strong><\/p>\n<p>Ci impegniamo a garantirti il controllo sui tuoi dati. Tratteremo le informazioni personali dei clienti esclusivamente dietro tue istruzioni, in conformit\u00e0 con il nostro <a href=\"https:\/\/www.cyberark.com\/CyberArk-Data-Processing-Addendum.pdf\" target=\"_blank\" rel=\"noopener\">Addendum sul trattamento dei dati<\/a>.<\/p>\n<p><strong>Sub-responsabili del trattamento <\/strong><\/p>\n<p>Il nostro impegno \u00e8 garantire la trasparenza su chi sono i soggetti con cui condividiamo i dati dei nostri clienti, e a farlo esclusivamente con i nostri <a href=\"https:\/\/www.cyberark.com\/it\/sub-processors\/\" target=\"\u201d_blank2\" rel=\"\u201dnoopener\u201d\">sub-responsabili del trattamento<\/a>, ovvero terze parti che ci supportano a fornire i nostri servizi.<\/p>\n<p>Le condizioni contrattuali standard relative ai nostri prodotti e servizi possono essere consultate sulla nostra pagina dedicata ai Termini Contrattuali.<\/p>\n<p><strong>FAQ sul Digital Operational Resilience Act (DORA)<\/strong><\/p>\n<p>In qualit\u00e0 di fornitore ICT, riconosciamo la nostra responsabilit\u00e0 nel supportare gli enti finanziari nei loro sforzi di conformit\u00e0 a DORA. Queste <a href=\"https:\/\/www.cyberark.com\/digital-operational-resilience-act\/\">domande frequenti sul Digital Operational Resilience Act (DORA)<\/a> forniscono chiarimenti su come possiamo assistere i nostri clienti del settore finanziario in questo percorso.[\/vc_column_text][\/vc_column][\/vc_row]<\/p>\n<\/div>","protected":false},"excerpt":{"rendered":"<p>[vc_row full_width=&#8221;stretch_row&#8221; el_class=&#8221;cybv2 int-hero-noimg dark&#8221;][vc_column width=&#8221;3\/4&#8243; el_class=&#8221;column-1&#8243;][vc_column_text el_class=&#8221;cyb-breadcrumb&#8221;]Torna al Trust Center[\/vc_column_text][vc_column_text] Privacy e protezione dei dati CyberArk si impegna a proteggere i tuoi dati da accessi non autorizzati e supporta la tua azienda nel mantenere&#8230;<\/p>\n","protected":false},"author":164,"featured_media":0,"parent":131029,"menu_order":0,"comment_status":"closed","ping_status":"closed","template":"","meta":{"_acf_changed":false,"inline_featured_image":false,"footnotes":""},"product_category":[],"class_list":["post-219816","page","type-page","status-publish","hentry"],"acf":[],"yoast_head":"<!-- This site is optimized with the Yoast SEO Premium plugin v27.2 (Yoast SEO v27.2) - https:\/\/yoast.com\/product\/yoast-seo-premium-wordpress\/ -->\n<title>Privacy | CyberArk<\/title>\n<meta name=\"description\" content=\"CyberArk si impegna a proteggere i tuoi dati da accesso non autorizzato e a fornire supporto alla tua organizzazione per mantenere la conformit\u00e0 or compliace alla privacy dei dati.\" \/>\n<meta name=\"robots\" content=\"index, follow, max-snippet:-1, max-image-preview:large, max-video-preview:-1\" \/>\n<link rel=\"canonical\" href=\"https:\/\/www.cyberark.com\/it\/trust\/privacy\/\" \/>\n<meta property=\"og:locale\" content=\"it_IT\" \/>\n<meta property=\"og:type\" content=\"article\" \/>\n<meta property=\"og:title\" content=\"Privacy\" \/>\n<meta property=\"og:description\" content=\"CyberArk si impegna a proteggere i tuoi dati da accesso non autorizzato e a fornire supporto alla tua organizzazione per mantenere la conformit\u00e0 or compliace alla privacy dei dati.\" \/>\n<meta property=\"og:url\" content=\"https:\/\/www.cyberark.com\/it\/trust\/privacy\/\" \/>\n<meta property=\"og:site_name\" content=\"CyberArk\" \/>\n<meta property=\"article:publisher\" content=\"https:\/\/www.facebook.com\/CyberArk\/\" \/>\n<meta property=\"article:modified_time\" content=\"2026-02-11T17:42:03+00:00\" \/>\n<meta property=\"og:image\" content=\"https:\/\/www.cyberark.com\/wp-content\/uploads\/2022\/09\/CYBR-gradient-bg-og-120x627-01-1024x535.png\" \/>\n\t<meta property=\"og:image:width\" content=\"1024\" \/>\n\t<meta property=\"og:image:height\" content=\"535\" \/>\n\t<meta property=\"og:image:type\" content=\"image\/png\" \/>\n<meta name=\"twitter:card\" content=\"summary_large_image\" \/>\n<meta name=\"twitter:site\" content=\"@CyberArk\" \/>\n<meta name=\"twitter:label1\" content=\"Tempo di lettura stimato\" \/>\n\t<meta name=\"twitter:data1\" content=\"2 minuti\" \/>\n<script type=\"application\/ld+json\" class=\"yoast-schema-graph\">{\"@context\":\"https:\/\/schema.org\",\"@graph\":[{\"@type\":\"WebPage\",\"@id\":\"https:\/\/www.cyberark.com\/it\/trust\/privacy\/\",\"url\":\"https:\/\/www.cyberark.com\/it\/trust\/privacy\/\",\"name\":\"Privacy | CyberArk\",\"isPartOf\":{\"@id\":\"https:\/\/www.cyberark.com\/it\/#website\"},\"datePublished\":\"2021-07-20T14:53:46+00:00\",\"dateModified\":\"2026-02-11T17:42:03+00:00\",\"description\":\"CyberArk si impegna a proteggere i tuoi dati da accesso non autorizzato e a fornire supporto alla tua organizzazione per mantenere la conformit\u00e0 or compliace alla privacy dei dati.\",\"breadcrumb\":{\"@id\":\"https:\/\/www.cyberark.com\/it\/trust\/privacy\/#breadcrumb\"},\"inLanguage\":\"it-IT\",\"potentialAction\":[{\"@type\":\"ReadAction\",\"target\":[\"https:\/\/www.cyberark.com\/it\/trust\/privacy\/\"]}]},{\"@type\":\"BreadcrumbList\",\"@id\":\"https:\/\/www.cyberark.com\/it\/trust\/privacy\/#breadcrumb\",\"itemListElement\":[{\"@type\":\"ListItem\",\"position\":1,\"name\":\"Home\",\"item\":\"https:\/\/www.cyberark.com\/it\/\"},{\"@type\":\"ListItem\",\"position\":2,\"name\":\"Trust Center\",\"item\":\"https:\/\/www.cyberark.com\/it\/trust\/\"},{\"@type\":\"ListItem\",\"position\":3,\"name\":\"Privacy\"}]},{\"@type\":\"WebSite\",\"@id\":\"https:\/\/www.cyberark.com\/it\/#website\",\"url\":\"https:\/\/www.cyberark.com\/it\/\",\"name\":\"CyberArk\",\"description\":\"\",\"publisher\":{\"@id\":\"https:\/\/www.cyberark.com\/it\/#organization\"},\"potentialAction\":[{\"@type\":\"SearchAction\",\"target\":{\"@type\":\"EntryPoint\",\"urlTemplate\":\"https:\/\/www.cyberark.com\/it\/?s={search_term_string}\"},\"query-input\":{\"@type\":\"PropertyValueSpecification\",\"valueRequired\":true,\"valueName\":\"search_term_string\"}}],\"inLanguage\":\"it-IT\"},{\"@type\":\"Organization\",\"@id\":\"https:\/\/www.cyberark.com\/it\/#organization\",\"name\":\"CyberArk Software\",\"url\":\"https:\/\/www.cyberark.com\/it\/\",\"logo\":{\"@type\":\"ImageObject\",\"inLanguage\":\"it-IT\",\"@id\":\"https:\/\/www.cyberark.com\/it\/#\/schema\/logo\/image\/\",\"url\":\"https:\/\/www.cyberark.com\/wp-content\/uploads\/2021\/02\/cyberark-logo-dark.svg\",\"contentUrl\":\"https:\/\/www.cyberark.com\/wp-content\/uploads\/2021\/02\/cyberark-logo-dark.svg\",\"width\":\"1024\",\"height\":\"1024\",\"caption\":\"CyberArk Software\"},\"image\":{\"@id\":\"https:\/\/www.cyberark.com\/it\/#\/schema\/logo\/image\/\"},\"sameAs\":[\"https:\/\/www.facebook.com\/CyberArk\/\",\"https:\/\/x.com\/CyberArk\",\"https:\/\/www.linkedin.com\/company\/cyber-ark-software\/\"]}]}<\/script>\n<!-- \/ Yoast SEO Premium plugin. -->","yoast_head_json":{"title":"Privacy | CyberArk","description":"CyberArk si impegna a proteggere i tuoi dati da accesso non autorizzato e a fornire supporto alla tua organizzazione per mantenere la conformit\u00e0 or compliace alla privacy dei dati.","robots":{"index":"index","follow":"follow","max-snippet":"max-snippet:-1","max-image-preview":"max-image-preview:large","max-video-preview":"max-video-preview:-1"},"canonical":"https:\/\/www.cyberark.com\/it\/trust\/privacy\/","og_locale":"it_IT","og_type":"article","og_title":"Privacy","og_description":"CyberArk si impegna a proteggere i tuoi dati da accesso non autorizzato e a fornire supporto alla tua organizzazione per mantenere la conformit\u00e0 or compliace alla privacy dei dati.","og_url":"https:\/\/www.cyberark.com\/it\/trust\/privacy\/","og_site_name":"CyberArk","article_publisher":"https:\/\/www.facebook.com\/CyberArk\/","article_modified_time":"2026-02-11T17:42:03+00:00","og_image":[{"width":1024,"height":535,"url":"https:\/\/www.cyberark.com\/wp-content\/uploads\/2022\/09\/CYBR-gradient-bg-og-120x627-01-1024x535.png","type":"image\/png"}],"twitter_card":"summary_large_image","twitter_site":"@CyberArk","twitter_misc":{"Tempo di lettura stimato":"2 minuti"},"schema":{"@context":"https:\/\/schema.org","@graph":[{"@type":"WebPage","@id":"https:\/\/www.cyberark.com\/it\/trust\/privacy\/","url":"https:\/\/www.cyberark.com\/it\/trust\/privacy\/","name":"Privacy | CyberArk","isPartOf":{"@id":"https:\/\/www.cyberark.com\/it\/#website"},"datePublished":"2021-07-20T14:53:46+00:00","dateModified":"2026-02-11T17:42:03+00:00","description":"CyberArk si impegna a proteggere i tuoi dati da accesso non autorizzato e a fornire supporto alla tua organizzazione per mantenere la conformit\u00e0 or compliace alla privacy dei dati.","breadcrumb":{"@id":"https:\/\/www.cyberark.com\/it\/trust\/privacy\/#breadcrumb"},"inLanguage":"it-IT","potentialAction":[{"@type":"ReadAction","target":["https:\/\/www.cyberark.com\/it\/trust\/privacy\/"]}]},{"@type":"BreadcrumbList","@id":"https:\/\/www.cyberark.com\/it\/trust\/privacy\/#breadcrumb","itemListElement":[{"@type":"ListItem","position":1,"name":"Home","item":"https:\/\/www.cyberark.com\/it\/"},{"@type":"ListItem","position":2,"name":"Trust Center","item":"https:\/\/www.cyberark.com\/it\/trust\/"},{"@type":"ListItem","position":3,"name":"Privacy"}]},{"@type":"WebSite","@id":"https:\/\/www.cyberark.com\/it\/#website","url":"https:\/\/www.cyberark.com\/it\/","name":"CyberArk","description":"","publisher":{"@id":"https:\/\/www.cyberark.com\/it\/#organization"},"potentialAction":[{"@type":"SearchAction","target":{"@type":"EntryPoint","urlTemplate":"https:\/\/www.cyberark.com\/it\/?s={search_term_string}"},"query-input":{"@type":"PropertyValueSpecification","valueRequired":true,"valueName":"search_term_string"}}],"inLanguage":"it-IT"},{"@type":"Organization","@id":"https:\/\/www.cyberark.com\/it\/#organization","name":"CyberArk Software","url":"https:\/\/www.cyberark.com\/it\/","logo":{"@type":"ImageObject","inLanguage":"it-IT","@id":"https:\/\/www.cyberark.com\/it\/#\/schema\/logo\/image\/","url":"https:\/\/www.cyberark.com\/wp-content\/uploads\/2021\/02\/cyberark-logo-dark.svg","contentUrl":"https:\/\/www.cyberark.com\/wp-content\/uploads\/2021\/02\/cyberark-logo-dark.svg","width":"1024","height":"1024","caption":"CyberArk Software"},"image":{"@id":"https:\/\/www.cyberark.com\/it\/#\/schema\/logo\/image\/"},"sameAs":["https:\/\/www.facebook.com\/CyberArk\/","https:\/\/x.com\/CyberArk","https:\/\/www.linkedin.com\/company\/cyber-ark-software\/"]}]}},"_links":{"self":[{"href":"https:\/\/www.cyberark.com\/it\/wp-json\/wp\/v2\/pages\/219816","targetHints":{"allow":["GET"]}}],"collection":[{"href":"https:\/\/www.cyberark.com\/it\/wp-json\/wp\/v2\/pages"}],"about":[{"href":"https:\/\/www.cyberark.com\/it\/wp-json\/wp\/v2\/types\/page"}],"author":[{"embeddable":true,"href":"https:\/\/www.cyberark.com\/it\/wp-json\/wp\/v2\/users\/164"}],"replies":[{"embeddable":true,"href":"https:\/\/www.cyberark.com\/it\/wp-json\/wp\/v2\/comments?post=219816"}],"version-history":[{"count":0,"href":"https:\/\/www.cyberark.com\/it\/wp-json\/wp\/v2\/pages\/219816\/revisions"}],"up":[{"embeddable":true,"href":"https:\/\/www.cyberark.com\/it\/wp-json\/wp\/v2\/pages\/131029"}],"wp:attachment":[{"href":"https:\/\/www.cyberark.com\/it\/wp-json\/wp\/v2\/media?parent=219816"}],"wp:term":[{"taxonomy":"product_category","embeddable":true,"href":"https:\/\/www.cyberark.com\/it\/wp-json\/wp\/v2\/product_category?post=219816"}],"curies":[{"name":"wp","href":"https:\/\/api.w.org\/{rel}","templated":true}]}}