{"id":61741,"date":"2017-06-22T09:39:11","date_gmt":"2017-06-22T13:39:11","guid":{"rendered":"https:\/\/www.cyberark.com\/terms-conditions\/"},"modified":"2024-07-17T06:03:36","modified_gmt":"2024-07-17T10:03:36","slug":"terms-conditions","status":"publish","type":"page","link":"https:\/\/www.cyberark.com\/it\/terms-conditions\/","title":{"rendered":"Termini e condizioni del sito"},"content":{"rendered":"<div class=\"wpb-content-wrapper\"><p>[vc_row full_width=&#8221;stretch_row&#8221; el_class=&#8221;cybv2 int-hero-noimg dark&#8221;][vc_column width=&#8221;3\/4&#8243; el_class=&#8221;column-1&#8243;][vc_column_text]<\/p>\n<h1>Termini e condizioni del sito<\/h1>\n<p>[\/vc_column_text][\/vc_column][\/vc_row][vc_row el_class=&#8221;cybv2 cybv2-pad&#8221;][vc_column width=&#8221;5\/6&#8243; offset=&#8221;vc_col-sm-offset-1&#8243;][vc_column_text]I seguenti termini e condizioni disciplinano l&#8217;utilizzo da parte dell&#8217;utente di qualsiasi sito di propriet\u00e0 e gestito da CyberArk\u00ae Software Ltd. e CyberArk Software, Inc. o da una delle sue entit\u00e0 affiliate (&#8220;CyberArk&#8221;). Utilizzando questo sito o scaricando qualsiasi materiale da esso, l&#8217;utente dichiara di aver letto e compreso i presenti termini e condizioni e accetta di esserne vincolato, nonch\u00e9 di rispettare tutte le leggi e i regolamenti applicabili riguardanti l&#8217;uso di questo sito. Se non si accettano i presenti termini e condizioni, si prega di non utilizzare questo sito.<\/p>\n<p>CyberArk si riserva il diritto di apportare modifiche a questo sito e ai presenti termini e condizioni in qualsiasi momento. L&#8217;uso continuato di questo sito costituisce l&#8217;accettazione da parte dell&#8217;utente di eventuali termini e condizioni nuovi o modificati.<\/p>\n<p><strong>LIMITAZIONI ALL&#8217;USO <\/strong><br \/>\nLe informazioni, la documentazione, i dati, il materiale e la relativa grafica disponibili su questo sito (&#8220;Materiali&#8221;) sono forniti da CyberArk o dai suoi licenziatari. I Materiali contenuti in questo sito sono protetti dalle leggi sul copyright, dai trattati internazionali sul copyright e da altre leggi e trattati sulla propriet\u00e0 intellettuale. CyberArk e i suoi licenziatari mantengono tutti i diritti d&#8217;autore sui Materiali e nulla su questo sito deve essere interpretato come conferimento di licenza per qualsiasi diritto di propriet\u00e0 intellettuale, sia esso di preclusione, implicazione o altro. Ad eccezione di quanto indicato nei presenti termini e condizioni, non \u00e8 consentito riprodurre, modificare, emendare, visualizzare, distribuire o fare qualsiasi altro uso dei Materiali, in qualsiasi forma o con qualsiasi mezzo senza il previo consenso scritto di CyberArk.<\/p>\n<p>CyberArk concede all&#8217;utente il permesso di scaricare, riprodurre, visualizzare e distribuire i Materiali pubblicati su questo sito esclusivamente per uso informativo e non commerciale o personale, a condizione che l&#8217;utente non modifichi tali Materiali e a condizione che mantenga tutti gli avvisi di copyright e di propriet\u00e0 cos\u00ec come appaiono in tali Materiali. CyberArk concede inoltre agli istituti di istruzione (in particolare K-12, universit\u00e0 e community college) l&#8217;autorizzazione a scaricare, riprodurre, visualizzare e distribuire i Materiali pubblicati su questo sito esclusivamente per l&#8217;uso in classe, a condizione che tali istituti identifichino CyberArk come fonte dei Materiali e includano la seguente dicitura: &#8220;Per gentile concessione di CyberArk&#8221;.<\/p>\n<p>L&#8217;autorizzazione concessa all&#8217;utente termina in caso di violazione di uno qualsiasi dei presenti termini e condizioni. Alla rescissione, l&#8217;utente accetta di distruggere qualsiasi Materiale scaricato da questo sito. L&#8217;uso non autorizzato di uno qualsiasi di questi Materiali \u00e8 espressamente vietato dalla legge e pu\u00f2 comportare sanzioni civili e penali.<\/p>\n<p>Non \u00e8 consentito utilizzare i contenuti dei Materiali in alcun modo che possa dare un&#8217;impressione o costituire una dichiarazione falsa o fuorviante su CyberArk o su qualsiasi terza parte menzionata nei Materiali. L&#8217;utente accetta di utilizzare il sito e i Materiali accessibili tramite il Sito solo per scopi legittimi.<\/p>\n<p><strong>GARANZIE E ESCLUSIONI<\/strong><br \/>\nCyberArk intende garantire l&#8217;accuratezza e l&#8217;affidabilit\u00e0 dei materiali contenuti in questo sito. Questi materiali possono, tuttavia, contenere imprecisioni tecniche, errori tipografici o altri errori. CyberArk pu\u00f2 apportare correzioni o altre modifiche a questi Materiali in qualsiasi momento. CyberArk si riserva il diritto di apportare correzioni, modifiche, potenziamenti, miglioramenti e altre variazioni ai propri prodotti, programmi e servizi in qualsiasi momento o di interrompere qualsiasi prodotto, programma o servizio senza preavviso.<\/p>\n<p>I MATERIALI SU QUESTO SITO SONO FORNITI &#8220;COS\u00cc COME SONO&#8221;. L&#8217;UTENTE RICONOSCE E ACCETTA CHE LE NOTE APPLICATIVE, I DISEGNI DI RIFERIMENTO E GLI ALTRI MATERIALI DI PROGETTAZIONE INCLUSI NEL PRESENTE DOCUMENTO SONO FORNITI SOLO A TITOLO ESEMPLIFICATIVO E CHE ESERCITER\u00c0 LA SUA ANALISI INDIPENDENTE E IL SUO GIUDIZIO NELL&#8217;USO DI QUESTI MATERIALI. CYBERARK NON SI ASSUME ALCUNA RESPONSABILIT\u00c0 PER L&#8217;USO DI QUESTI MATERIALI O DI QUESTI DISEGNI DEI PRODOTTI O DI QUALSIASI APPLICAZIONE FORNITA DA CYBERARK. L&#8217;UTILIZZO DELLE INFORMAZIONI FORNITE SUL PRESENTE SITO POTREBBE RICHIEDERE UNA LICENZA DA CYBERARK O DA TERZI AI SENSI DEI BREVETTI O DI ALTRI DIRITTI DI PROPRIET\u00c0 INTELLETTUALE DI CYBERARK O DEI TERZI.<\/p>\n<p>IN OGNI CASO, QUALSIASI PRODOTTO ACQUISTATO DA CYBERARK O DAI SUOI DISTRIBUTORI \u00c8 SOGGETTO AI TERMINI E ALLE CONDIZIONI DI VENDITA DI CYBERARK, CHE DEVONO ESSERE VISIONATI ATTENTAMENTE PRIMA DI EFFETTUARE QUALSIASI ORDINE DI ACQUISTO DI TALE PRODOTTO, I MATERIALI FORNITI IN QUESTO SITO NON COSTITUISCONO ALCUNA GARANZIA O DICHIARAZIONE IN MERITO ALL&#8217;IDONEIT\u00c0 DI CYBERARK O DI QUESTI MATERIALI PER QUALSIASI SCOPO, INCLUSE, MA NON LIMITATE A, TUTTE LE GARANZIE IMPLICITE E LE CONDIZIONI DI COMMERCIABILIT\u00c0, IDONEIT\u00c0 PER UNO SCOPO PARTICOLARE, TITOLO E NON VIOLAZIONE DI QUALSIASI DIRITTO DI PROPRIET\u00c0 INTELLETTUALE DI TERZI.<\/p>\n<p>LIMITAZIONE DI RESPONSABILIT\u00c0<\/p>\n<p>IN NESSUN CASO CYBERARK O I SUOI FORNITORI SARANNO RESPONSABILI DI DANNI DI QUALSIASI GENERE, INCLUSI, A TITOLO ESEMPLIFICATIVO MA NON ESAUSTIVO, DANNI INDIRETTI, SPECIALI, INCIDENTALI O CONSEQUENZIALI, SIA CHE SI TRATTI DI UN&#8217;AZIONE CONTRATTUALE, NEGLIGENZA O ALTRA AZIONE ILLECITA DERIVANTE DALL&#8217;USO DI QUESTO SITO O DERIVANTE DALL&#8217;USO O DALL&#8217;UTILIZZO DEI MATERIALI DISPONIBILI SU QUESTO SITO, A PRESCINDERE DAL FATTO CHE CYBERARK O UN RAPPRESENTANTE AUTORIZZATO CYBERARK SIA STATO INFORMATO DELLA POSSIBILIT\u00c0 DI TALI DANNI.<\/p>\n<p><strong>AVVISO SPECIFICO RELATIVO AL SOFTWARE DISPONIBILE IN QUESTO SITO<\/strong><br \/>\nQualsiasi software e la documentazione correlata messi a disposizione per il download da questo sito (&#8220;software&#8221;) sono protetti da copyright. L&#8217;uso di questo Software \u00e8 regolato dai termini del contratto di licenza, se presente, che accompagna o \u00e8 incluso in tale Software (&#8220;Contratto di licenza&#8221;). Un utente non sar\u00e0 in grado di installare alcun Software che sia accompagnato da o che includa un Contratto di licenza prima di aver accettato i termini del Contratto di licenza. Qualsiasi riproduzione o ridistribuzione del Software non conforme al Contratto di licenza \u00e8 espressamente vietata e pu\u00f2 comportare sanzioni civili e penali.<\/p>\n<p>FERMO RESTANDO QUANTO SOPRA, LA COPIA O LA RIPRODUZIONE DEL SOFTWARE IN QUALSIASI ALTRA POSIZIONE PER ULTERIORI RIPRODUZIONE O RIDISTRIBUZIONE \u00c8 VIETATA, A MENO CHE TALE RIPRODUZIONE O RIDISTRIBUZIONE NON SIA ESPRESSAMENTE CONSENTITA DAL CONTRATTO DI LICENZA CHE ACCOMPAGNA TALE SOFTWARE.<br \/>\nAVVISO SPECIFICO RELATIVO AI LINK AI SITI DI TERZI.<\/p>\n<p>Alcuni link qui forniti consentono all&#8217;utente di uscire da questo sito e di accedere a siti non di CyberArk. Questi siti collegati non sono sotto il controllo di CyberArk. CyberArk non \u00e8 responsabile dei contenuti di qualsivoglia sito collegato o di eventuali modifiche o aggiornamenti a tali siti. CyberArk fornisce questi link solo per comodit\u00e0. L&#8217;inclusione di qualsiasi link non implica l&#8217;approvazione da parte di CyberArk di eventuali siti collegati. LA PUBBLICAZIONE DI INFORMAZIONI DA PARTE DI CYBERARK RELATIVE A PRODOTTI O SERVIZI DI TERZE PARTI NON COSTITUISCE UN PARERE FAVOREVOLE RELATIVAMENTE ALL&#8217;IDONEIT\u00c0 DI TALI PRODOTTI O SERVIZI O UNA GARANZIA, DICHIARAZIONE O APPROVAZIONE DI TALI PRODOTTI O SERVIZI, DA SOLI O IN COMBINAZIONE CON QUALSIASI PRODOTTO O SERVIZIO CYBERARK. Il link a questo sito \u00e8 soggetto alla politica sui link di CyberArk. Se desideri inserire un link al sito Web di CyberArk, contattaci all&#8217;indirizzo:<\/p>\n<p><u><a href=\"mailto:Webmaster@CyberArk.com\">Webmaster@CyberArk.com<\/a><\/u><\/p>\n<p><strong>MARCHI<\/strong><br \/>\nI marchi commerciali, i marchi di servizio e i loghi utilizzati e visualizzati su questo sito sono marchi commerciali registrati e non registrati e marchi di servizio di CyberArk e altri. CyberArk\u00ae, Network Vault\u00ae, Inter-Business Vault\u2122, Visual Security\u2122, LAN Experience over the Web\u2122, Vaulted Solutions-Always Secure Always Accessible\u2122, Vaulted Zones\u2122, Vaulted by CyberArk\u2122,CyberArk Shared Technology Platform\u2122, Enterprise Password Vault\u00ae, Privileged Session Manager\u00ae, Privileged Threat Analytics\u2122 , Application Identity Manager\u2122, On-Demand Privileges Manager\u2122, CyberArk DNA\u2122 e altri marchi presenti su questo Sito sono marchi o marchi registrati di CyberArk negli Stati Uniti e in altri paesi. Tutti gli altri marchi registrati e non registrati utilizzati sul Sito sono di propriet\u00e0 dei rispettivi aventi diritto. Salvo quanto previsto nel presente documento, all&#8217;utente non viene concessa, espressamente o implicitamente, alcuna licenza o diritto di utilizzare qualsiasi marchio commerciale, marchio di servizio o logo CyberArk utilizzato o visualizzato sul sito senza la previa autorizzazione scritta di CyberArk. Se utilizzati con il permesso di CyberArk, tutti i marchi commerciali devono essere identificati come marchi commerciali di CyberArk utilizzando il simbolo appropriato (ad es. \u2122 o \u00ae) alla prima occorrenza nel testo di qualsiasi comunicazione stampata o elettronica pubblicata, incluse pubblicit\u00e0, promozioni, imballaggi, documentazione tecnica, materiale promozionale e di marketing ed etichette dei prodotti.<\/p>\n<p><strong>BREVETTI<\/strong><br \/>\n La tecnologia e i prodotti CyberArk sono protetti da uno o pi\u00f9 brevetti statunitensi e\/o internazionali o in attesa di brevetto.<\/p>\n<p><strong>CONTROLLO DELLE ESPORTAZIONI<\/strong><br \/>\nL&#8217;esportazione del Software e della documentazione correlata \u00e8 soggetta alla conformit\u00e0: (i) all&#8217;Export Administration Act degli Stati Uniti, e successive modifiche, e le norme e i regolamenti promulgati di volta in volta ai sensi del presente, comprese le Export Administration Regulations, (ii) alle leggi dello Stato di Israele, e (iii) alle leggi di qualsiasi paese o organizzazione di nazioni all&#8217;interno della cui giurisdizione l&#8217;utente opera o svolge attivit\u00e0 commerciali. L&#8217;utente non deve esportare o riesportare il Software, la sua documentazione correlata o qualsiasi sua parte, direttamente o indirettamente, se non in conformit\u00e0 alla legge applicabile sul controllo delle esportazioni.<\/p>\n<p><strong>GIURISDIZIONE E LEGGE APPLICABILE<\/strong><br \/>\nQualunque reclamo relativo a questo sito o all&#8217;uso di questo sito sar\u00e0 regolato e interpretato in conformit\u00e0 alle leggi dello Stato del Massachusetts, senza riferimento ai suoi principi di conflitto di leggi. Qualsiasi controversia derivante da o relativa all&#8217;uso di questo sito da parte dell&#8217;utente sar\u00e0 fatta valere e l&#8217;utente accetta la giurisdizione esclusiva e la sede dei tribunali competenti di Boston, MA, USA. L&#8217;utente accetta di rinunciare a tutte le difese per mancanza di giurisdizione personale e di forum non conveniens e accetta che il processo possa essere gestito in modo autorizzato dalla legge applicabile o dal regolamento della corte.<\/p>\n<p><strong>INFORMATIVA SULLA PRIVACY<\/strong><br \/>\n L&#8217;utilizzo di questo sito e le informazioni inviate a CyberArk tramite questo sito sono disciplinati dall&#8217;Informativa sulla PRIVACY di CyberArk. <a href=\"https:\/\/www.cyberark.com\/it\/privacy-notice\/\">Fai clic qui per consultare l&#8217;Informativa sulla privacy di CyberArk.<\/a><\/p>\n<p>AVVISO DI DIRITTO D&#8217;AUTORE. Copyright \u00a9 2000-2019 CyberArk Software, Ltd. Tutti i diritti non espressamente concessi nel presente documento sono riservati.<\/p>\n<p><strong>INFORMAZIONI DI CONTATTO<\/strong><br \/>\nTutte le richieste di ulteriori informazioni o di autorizzazione alla riproduzione di qualsiasi parte dei Materiali in aggiunta all&#8217;autorizzazione sopra concessa devono essere indirizzate a:<\/p>\n<p><u><a href=\"mailto:Webmaster@CyberArk.com\">Webmaster@CyberArk.com<\/a><\/u>[\/vc_column_text][\/vc_column][\/vc_row]<\/p>\n<\/div>","protected":false},"excerpt":{"rendered":"<p>[vc_row full_width=&#8221;stretch_row&#8221; el_class=&#8221;cybv2 int-hero-noimg dark&#8221;][vc_column width=&#8221;3\/4&#8243; el_class=&#8221;column-1&#8243;][vc_column_text] Termini e condizioni del sito [\/vc_column_text][\/vc_column][\/vc_row][vc_row el_class=&#8221;cybv2 cybv2-pad&#8221;][vc_column width=&#8221;5\/6&#8243; offset=&#8221;vc_col-sm-offset-1&#8243;][vc_column_text]I seguenti termini e condizioni disciplinano l&#8217;utilizzo da parte dell&#8217;utente di qualsiasi sito di propriet\u00e0 e gestito da CyberArk\u00ae&#8230;<\/p>\n","protected":false},"author":17,"featured_media":0,"parent":0,"menu_order":0,"comment_status":"closed","ping_status":"closed","template":"","meta":{"_acf_changed":false,"inline_featured_image":false,"footnotes":""},"product_category":[27776],"class_list":["post-61741","page","type-page","status-publish","hentry","product_category-identity-security"],"acf":[],"yoast_head":"<!-- This site is optimized with the Yoast SEO Premium plugin v27.2 (Yoast SEO v27.2) - https:\/\/yoast.com\/product\/yoast-seo-premium-wordpress\/ -->\n<title>Termini e condizioni del sito | CyberArk<\/title>\n<meta name=\"robots\" content=\"index, follow, max-snippet:-1, max-image-preview:large, max-video-preview:-1\" \/>\n<link rel=\"canonical\" href=\"https:\/\/www.cyberark.com\/terms-conditions\/\" \/>\n<meta property=\"og:locale\" content=\"it_IT\" \/>\n<meta property=\"og:type\" content=\"article\" \/>\n<meta property=\"og:title\" content=\"Termini e condizioni del sito\" \/>\n<meta property=\"og:description\" content=\"[vc_row full_width=&#8221;stretch_row&#8221; el_class=&#8221;cybv2 int-hero-noimg dark&#8221;][vc_column width=&#8221;3\/4&#8243; el_class=&#8221;column-1&#8243;][vc_column_text] Termini e condizioni del sito [\/vc_column_text][\/vc_column][\/vc_row][vc_row el_class=&#8221;cybv2 cybv2-pad&#8221;][vc_column width=&#8221;5\/6&#8243; offset=&#8221;vc_col-sm-offset-1&#8243;][vc_column_text]I seguenti termini e condizioni disciplinano l&#8217;utilizzo da parte dell&#8217;utente di qualsiasi sito di propriet\u00e0 e gestito da CyberArk\u00ae...\" \/>\n<meta property=\"og:url\" content=\"https:\/\/www.cyberark.com\/terms-conditions\/\" \/>\n<meta property=\"og:site_name\" content=\"CyberArk\" \/>\n<meta property=\"article:publisher\" content=\"https:\/\/www.facebook.com\/CyberArk\/\" \/>\n<meta property=\"article:modified_time\" content=\"2024-07-17T10:03:36+00:00\" \/>\n<meta property=\"og:image\" content=\"https:\/\/www.cyberark.com\/wp-content\/uploads\/2022\/09\/CYBR-gradient-bg-og-120x627-01-1024x535.png\" \/>\n\t<meta property=\"og:image:width\" content=\"1024\" \/>\n\t<meta property=\"og:image:height\" content=\"535\" \/>\n\t<meta property=\"og:image:type\" content=\"image\/png\" \/>\n<meta name=\"twitter:card\" content=\"summary_large_image\" \/>\n<meta name=\"twitter:site\" content=\"@CyberArk\" \/>\n<meta name=\"twitter:label1\" content=\"Tempo di lettura stimato\" \/>\n\t<meta name=\"twitter:data1\" content=\"7 minuti\" \/>\n<script type=\"application\/ld+json\" class=\"yoast-schema-graph\">{\"@context\":\"https:\/\/schema.org\",\"@graph\":[{\"@type\":\"WebPage\",\"@id\":\"https:\/\/www.cyberark.com\/terms-conditions\/\",\"url\":\"https:\/\/www.cyberark.com\/terms-conditions\/\",\"name\":\"Termini e condizioni del sito | CyberArk\",\"isPartOf\":{\"@id\":\"https:\/\/www.cyberark.com\/#website\"},\"datePublished\":\"2017-06-22T13:39:11+00:00\",\"dateModified\":\"2024-07-17T10:03:36+00:00\",\"breadcrumb\":{\"@id\":\"https:\/\/www.cyberark.com\/terms-conditions\/#breadcrumb\"},\"inLanguage\":\"it-IT\",\"potentialAction\":[{\"@type\":\"ReadAction\",\"target\":[\"https:\/\/www.cyberark.com\/terms-conditions\/\"]}]},{\"@type\":\"BreadcrumbList\",\"@id\":\"https:\/\/www.cyberark.com\/terms-conditions\/#breadcrumb\",\"itemListElement\":[{\"@type\":\"ListItem\",\"position\":1,\"name\":\"Home\",\"item\":\"https:\/\/www.cyberark.com\/\"},{\"@type\":\"ListItem\",\"position\":2,\"name\":\"Termini e condizioni del sito\"}]},{\"@type\":\"WebSite\",\"@id\":\"https:\/\/www.cyberark.com\/#website\",\"url\":\"https:\/\/www.cyberark.com\/\",\"name\":\"CyberArk\",\"description\":\"\",\"publisher\":{\"@id\":\"https:\/\/www.cyberark.com\/#organization\"},\"potentialAction\":[{\"@type\":\"SearchAction\",\"target\":{\"@type\":\"EntryPoint\",\"urlTemplate\":\"https:\/\/www.cyberark.com\/?s={search_term_string}\"},\"query-input\":{\"@type\":\"PropertyValueSpecification\",\"valueRequired\":true,\"valueName\":\"search_term_string\"}}],\"inLanguage\":\"it-IT\"},{\"@type\":\"Organization\",\"@id\":\"https:\/\/www.cyberark.com\/#organization\",\"name\":\"CyberArk Software\",\"url\":\"https:\/\/www.cyberark.com\/\",\"logo\":{\"@type\":\"ImageObject\",\"inLanguage\":\"it-IT\",\"@id\":\"https:\/\/www.cyberark.com\/#\/schema\/logo\/image\/\",\"url\":\"https:\/\/www.cyberark.com\/wp-content\/uploads\/2021\/02\/cyberark-logo-dark.svg\",\"contentUrl\":\"https:\/\/www.cyberark.com\/wp-content\/uploads\/2021\/02\/cyberark-logo-dark.svg\",\"width\":\"1024\",\"height\":\"1024\",\"caption\":\"CyberArk Software\"},\"image\":{\"@id\":\"https:\/\/www.cyberark.com\/#\/schema\/logo\/image\/\"},\"sameAs\":[\"https:\/\/www.facebook.com\/CyberArk\/\",\"https:\/\/x.com\/CyberArk\",\"https:\/\/www.linkedin.com\/company\/cyber-ark-software\/\"]}]}<\/script>\n<!-- \/ Yoast SEO Premium plugin. -->","yoast_head_json":{"title":"Termini e condizioni del sito | CyberArk","robots":{"index":"index","follow":"follow","max-snippet":"max-snippet:-1","max-image-preview":"max-image-preview:large","max-video-preview":"max-video-preview:-1"},"canonical":"https:\/\/www.cyberark.com\/terms-conditions\/","og_locale":"it_IT","og_type":"article","og_title":"Termini e condizioni del sito","og_description":"[vc_row full_width=&#8221;stretch_row&#8221; el_class=&#8221;cybv2 int-hero-noimg dark&#8221;][vc_column width=&#8221;3\/4&#8243; el_class=&#8221;column-1&#8243;][vc_column_text] Termini e condizioni del sito [\/vc_column_text][\/vc_column][\/vc_row][vc_row el_class=&#8221;cybv2 cybv2-pad&#8221;][vc_column width=&#8221;5\/6&#8243; offset=&#8221;vc_col-sm-offset-1&#8243;][vc_column_text]I seguenti termini e condizioni disciplinano l&#8217;utilizzo da parte dell&#8217;utente di qualsiasi sito di propriet\u00e0 e gestito da CyberArk\u00ae...","og_url":"https:\/\/www.cyberark.com\/terms-conditions\/","og_site_name":"CyberArk","article_publisher":"https:\/\/www.facebook.com\/CyberArk\/","article_modified_time":"2024-07-17T10:03:36+00:00","og_image":[{"width":1024,"height":535,"url":"https:\/\/www.cyberark.com\/wp-content\/uploads\/2022\/09\/CYBR-gradient-bg-og-120x627-01-1024x535.png","type":"image\/png"}],"twitter_card":"summary_large_image","twitter_site":"@CyberArk","twitter_misc":{"Tempo di lettura stimato":"7 minuti"},"schema":{"@context":"https:\/\/schema.org","@graph":[{"@type":"WebPage","@id":"https:\/\/www.cyberark.com\/terms-conditions\/","url":"https:\/\/www.cyberark.com\/terms-conditions\/","name":"Termini e condizioni del sito | CyberArk","isPartOf":{"@id":"https:\/\/www.cyberark.com\/#website"},"datePublished":"2017-06-22T13:39:11+00:00","dateModified":"2024-07-17T10:03:36+00:00","breadcrumb":{"@id":"https:\/\/www.cyberark.com\/terms-conditions\/#breadcrumb"},"inLanguage":"it-IT","potentialAction":[{"@type":"ReadAction","target":["https:\/\/www.cyberark.com\/terms-conditions\/"]}]},{"@type":"BreadcrumbList","@id":"https:\/\/www.cyberark.com\/terms-conditions\/#breadcrumb","itemListElement":[{"@type":"ListItem","position":1,"name":"Home","item":"https:\/\/www.cyberark.com\/"},{"@type":"ListItem","position":2,"name":"Termini e condizioni del sito"}]},{"@type":"WebSite","@id":"https:\/\/www.cyberark.com\/#website","url":"https:\/\/www.cyberark.com\/","name":"CyberArk","description":"","publisher":{"@id":"https:\/\/www.cyberark.com\/#organization"},"potentialAction":[{"@type":"SearchAction","target":{"@type":"EntryPoint","urlTemplate":"https:\/\/www.cyberark.com\/?s={search_term_string}"},"query-input":{"@type":"PropertyValueSpecification","valueRequired":true,"valueName":"search_term_string"}}],"inLanguage":"it-IT"},{"@type":"Organization","@id":"https:\/\/www.cyberark.com\/#organization","name":"CyberArk Software","url":"https:\/\/www.cyberark.com\/","logo":{"@type":"ImageObject","inLanguage":"it-IT","@id":"https:\/\/www.cyberark.com\/#\/schema\/logo\/image\/","url":"https:\/\/www.cyberark.com\/wp-content\/uploads\/2021\/02\/cyberark-logo-dark.svg","contentUrl":"https:\/\/www.cyberark.com\/wp-content\/uploads\/2021\/02\/cyberark-logo-dark.svg","width":"1024","height":"1024","caption":"CyberArk Software"},"image":{"@id":"https:\/\/www.cyberark.com\/#\/schema\/logo\/image\/"},"sameAs":["https:\/\/www.facebook.com\/CyberArk\/","https:\/\/x.com\/CyberArk","https:\/\/www.linkedin.com\/company\/cyber-ark-software\/"]}]}},"_links":{"self":[{"href":"https:\/\/www.cyberark.com\/it\/wp-json\/wp\/v2\/pages\/61741","targetHints":{"allow":["GET"]}}],"collection":[{"href":"https:\/\/www.cyberark.com\/it\/wp-json\/wp\/v2\/pages"}],"about":[{"href":"https:\/\/www.cyberark.com\/it\/wp-json\/wp\/v2\/types\/page"}],"author":[{"embeddable":true,"href":"https:\/\/www.cyberark.com\/it\/wp-json\/wp\/v2\/users\/17"}],"replies":[{"embeddable":true,"href":"https:\/\/www.cyberark.com\/it\/wp-json\/wp\/v2\/comments?post=61741"}],"version-history":[{"count":0,"href":"https:\/\/www.cyberark.com\/it\/wp-json\/wp\/v2\/pages\/61741\/revisions"}],"wp:attachment":[{"href":"https:\/\/www.cyberark.com\/it\/wp-json\/wp\/v2\/media?parent=61741"}],"wp:term":[{"taxonomy":"product_category","embeddable":true,"href":"https:\/\/www.cyberark.com\/it\/wp-json\/wp\/v2\/product_category?post=61741"}],"curies":[{"name":"wp","href":"https:\/\/api.w.org\/{rel}","templated":true}]}}