{"id":75568,"date":"2019-10-11T09:21:09","date_gmt":"2019-10-11T13:21:09","guid":{"rendered":"https:\/\/www.cyberark.com\/corporate-responsibility\/environment\/"},"modified":"2024-08-06T03:48:54","modified_gmt":"2024-08-06T07:48:54","slug":"environment-1","status":"publish","type":"page","link":"https:\/\/www.cyberark.com\/it\/environment-1\/","title":{"rendered":"Ambiente"},"content":{"rendered":"<div class=\"wpb-content-wrapper\"><p>[vc_row full_width=&#8221;stretch_row&#8221; content_placement=&#8221;top&#8221; css=&#8221;.vc_custom_1570630009815{background-image: url(https:\/\/www.cyberark.com\/wp-content\/uploads\/2019\/10\/environment-hero.jpg?id=75450) !important;background-position: center !important;background-repeat: no-repeat !important;background-size: cover !important;}&#8221; el_class=&#8221;cyb-hero-section&#8221;][vc_column][vc_row_inner content_placement=&#8221;middle&#8221; el_class=&#8221;cyb-hero-header&#8221;][vc_column_inner el_class=&#8221;cyb-hero-header-text&#8221;][vc_custom_heading text=&#8221;AMBIENTE&#8221; font_container=&#8221;tag:h1|text_align:left&#8221; use_theme_fonts=&#8221;yes&#8221;][vc_custom_heading text=&#8221;Sicuro e sostenibile, un approccio moderno al business globale.&#8221; font_container=&#8221;tag:h3|text_align:left&#8221; use_theme_fonts=&#8221;yes&#8221;][\/vc_column_inner][\/vc_row_inner][\/vc_column][\/vc_row][vc_row][vc_column width=&#8221;2\/3&#8243; css=&#8221;.vc_custom_1570554206386{padding-top: 2.125rem !important;padding-right: 0px !important;padding-left: 0px !important;}&#8221; offset=&#8221;vc_col-sm-offset-2&#8243;][vc_custom_heading text=&#8221;Il nostro Green Team \u00e8 stato creato per identificare le opportunit\u00e0 di riduzione del nostro impatto ambientale, favorire il miglioramento nelle comunit\u00e0 nelle quali operiamo e sostenere le iniziative che portano avanti cause sociali rilevanti per dipendenti, clienti e partner CyberArk.&#8221; font_container=&#8221;tag:p|text_align:center&#8221; use_theme_fonts=&#8221;yes&#8221; css=&#8221;.vc_custom_1570738124013{margin-bottom: 0px !important;}&#8221;][\/vc_column][\/vc_row][vc_row full_width=&#8221;stretch_row&#8221; content_placement=&#8221;middle&#8221; css=&#8221;.vc_custom_1570556298592{padding-top: 2.5rem !important;padding-bottom: 2.5rem !important;}&#8221;][vc_column width=&#8221;1\/2&#8243;][vc_single_image image=&#8221;75459&#8243; img_size=&#8221;full&#8221; el_class=&#8221;cyb-ken-img&#8221;][\/vc_column][vc_column width=&#8221;5\/12&#8243; offset=&#8221;vc_col-sm-offset-1&#8243;][vc_custom_heading text=&#8221;COME AZIENDA, SIAMO FOCALIZZATI SU:&#8221; font_container=&#8221;tag:h3|text_align:left&#8221; use_theme_fonts=&#8221;yes&#8221;][vc_column_text css=&#8221;.vc_custom_1577463186998{padding-bottom: 0.375rem !important;}&#8221;]<\/p>\n<ul>\n<li>Ridurre il nostro consumo energetico:\n<ul>\n<li>introducendo nuovi sistemi di riscaldamento e HVAC nelle nostre sedi<\/li>\n<li>incoraggiando l&#8217;utilizzo di veicoli elettrici e la condivisione dei tragitti<\/li>\n<li>integrando timer e sensori per disattivare automaticamente l&#8217;energia elettrica<\/li>\n<\/ul>\n<\/li>\n<li>sfruttando la tecnologia per collaborare in modalit\u00e0 virtuale ogniqualvolta sia possibile, per ridurre gli spostamenti non necessari e le corrispondenti emissioni di CO2<\/li>\n<li>riciclando apparecchiature, imballaggi, carta, rifiuti e acqua<\/li>\n<li>procedendo al compostaggio e acquistando per i nostri uffici solo materiale compostabile<\/li>\n<li>educando i nostri dipendenti alla sostenibilit\u00e0<\/li>\n<li>partecipando ad eventi di volontariato locali mirati alla sostenibilit\u00e0<\/li>\n<\/ul>\n<p>[\/vc_column_text][\/vc_column][\/vc_row][vc_row full_width=&#8221;stretch_row&#8221; content_placement=&#8221;middle&#8221; css=&#8221;.vc_custom_1570556328128{padding-top: 2.5rem !important;padding-bottom: 2.5rem !important;}&#8221; el_class=&#8221;cyb-reverse&#8221;][vc_column width=&#8221;5\/12&#8243;][vc_custom_heading text=&#8221;ASSOCIATO GOLD LEVEL DEL GREEN BUSINESS BUREAU&#8221; font_container=&#8221;tag:h3|text_align:left&#8221; use_theme_fonts=&#8221;yes&#8221;][vc_column_text css=&#8221;.vc_custom_1570649256578{padding-bottom: 0.375rem !important;}&#8221;]L&#8217;obiettivo del Green Business Bureau \u00e8 aiutare le aziende a comprendere, prioritizzare, implementare e certificare le iniziative ecologiche e le pratiche aziendali sostenibili. Grazie al nostro impegno volto a implementare il nostro programma ambientale, nei primi 6 mesi di iscrizione all&#8217;associazione siamo passati dal livello Silver al livello Gold.[\/vc_column_text][\/vc_column][vc_column width=&#8221;1\/2&#8243; offset=&#8221;vc_col-sm-offset-1&#8243;][vc_single_image image=&#8221;75468&#8243; img_size=&#8221;full&#8221; alignment=&#8221;right&#8221; el_class=&#8221;cyb-ken-img&#8221; css=&#8221;.vc_custom_1570630511133{border: 1px solid #d0d2d3 !important;}&#8221;][\/vc_column][\/vc_row]<\/p>\n<\/div>","protected":false},"excerpt":{"rendered":"<p>[vc_row full_width=&#8221;stretch_row&#8221; content_placement=&#8221;top&#8221; css=&#8221;.vc_custom_1570630009815{background-image: url(https:\/\/www.cyberark.com\/wp-content\/uploads\/2019\/10\/environment-hero.jpg?id=75450) !important;background-position: center !important;background-repeat: no-repeat !important;background-size: cover !important;}&#8221; el_class=&#8221;cyb-hero-section&#8221;][vc_column][vc_row_inner content_placement=&#8221;middle&#8221; el_class=&#8221;cyb-hero-header&#8221;][vc_column_inner el_class=&#8221;cyb-hero-header-text&#8221;][vc_custom_heading text=&#8221;AMBIENTE&#8221; font_container=&#8221;tag:h1|text_align:left&#8221; use_theme_fonts=&#8221;yes&#8221;][vc_custom_heading text=&#8221;Sicuro e sostenibile, un approccio moderno al business globale.&#8221; font_container=&#8221;tag:h3|text_align:left&#8221; use_theme_fonts=&#8221;yes&#8221;][\/vc_column_inner][\/vc_row_inner][\/vc_column][\/vc_row][vc_row][vc_column width=&#8221;2\/3&#8243; css=&#8221;.vc_custom_1570554206386{padding-top: 2.125rem !important;padding-right: 0px&#8230;<\/p>\n","protected":false},"author":125,"featured_media":0,"parent":0,"menu_order":0,"comment_status":"closed","ping_status":"closed","template":"","meta":{"_acf_changed":false,"inline_featured_image":false,"footnotes":""},"product_category":[],"class_list":["post-75568","page","type-page","status-publish","hentry"],"acf":[],"yoast_head":"<!-- This site is optimized with the Yoast SEO Premium plugin v27.2 (Yoast SEO v27.2) - https:\/\/yoast.com\/product\/yoast-seo-premium-wordpress\/ -->\n<title>Ambiente | CyberArk<\/title>\n<meta name=\"robots\" content=\"index, follow, max-snippet:-1, max-image-preview:large, max-video-preview:-1\" \/>\n<link rel=\"canonical\" href=\"https:\/\/www.cyberark.com\/it\/environment-1\/\" \/>\n<meta property=\"og:locale\" content=\"it_IT\" \/>\n<meta property=\"og:type\" content=\"article\" \/>\n<meta property=\"og:title\" content=\"Ambiente\" \/>\n<meta property=\"og:description\" content=\"[vc_row full_width=&#8221;stretch_row&#8221; content_placement=&#8221;top&#8221; css=&#8221;.vc_custom_1570630009815{background-image: url(https:\/\/www.cyberark.com\/wp-content\/uploads\/2019\/10\/environment-hero.jpg?id=75450) !important;background-position: center !important;background-repeat: no-repeat !important;background-size: cover !important;}&#8221; el_class=&#8221;cyb-hero-section&#8221;][vc_column][vc_row_inner content_placement=&#8221;middle&#8221; el_class=&#8221;cyb-hero-header&#8221;][vc_column_inner el_class=&#8221;cyb-hero-header-text&#8221;][vc_custom_heading text=&#8221;AMBIENTE&#8221; font_container=&#8221;tag:h1|text_align:left&#8221; use_theme_fonts=&#8221;yes&#8221;][vc_custom_heading text=&#8221;Sicuro e sostenibile, un approccio moderno al business globale.&#8221; font_container=&#8221;tag:h3|text_align:left&#8221; use_theme_fonts=&#8221;yes&#8221;][\/vc_column_inner][\/vc_row_inner][\/vc_column][\/vc_row][vc_row][vc_column width=&#8221;2\/3&#8243; css=&#8221;.vc_custom_1570554206386{padding-top: 2.125rem !important;padding-right: 0px...\" \/>\n<meta property=\"og:url\" content=\"https:\/\/www.cyberark.com\/it\/environment-1\/\" \/>\n<meta property=\"og:site_name\" content=\"CyberArk\" \/>\n<meta property=\"article:publisher\" content=\"https:\/\/www.facebook.com\/CyberArk\/\" \/>\n<meta property=\"article:modified_time\" content=\"2024-08-06T07:48:54+00:00\" \/>\n<meta property=\"og:image\" content=\"https:\/\/www.cyberark.com\/wp-content\/uploads\/2022\/09\/CYBR-gradient-bg-og-120x627-01-1024x535.png\" \/>\n\t<meta property=\"og:image:width\" content=\"1024\" \/>\n\t<meta property=\"og:image:height\" content=\"535\" \/>\n\t<meta property=\"og:image:type\" content=\"image\/png\" \/>\n<meta name=\"twitter:card\" content=\"summary_large_image\" \/>\n<meta name=\"twitter:site\" content=\"@CyberArk\" \/>\n<meta name=\"twitter:label1\" content=\"Tempo di lettura stimato\" \/>\n\t<meta name=\"twitter:data1\" content=\"2 minuti\" \/>\n<script type=\"application\/ld+json\" class=\"yoast-schema-graph\">{\"@context\":\"https:\/\/schema.org\",\"@graph\":[{\"@type\":\"WebPage\",\"@id\":\"https:\/\/www.cyberark.com\/it\/environment-1\/\",\"url\":\"https:\/\/www.cyberark.com\/it\/environment-1\/\",\"name\":\"Ambiente | CyberArk\",\"isPartOf\":{\"@id\":\"https:\/\/www.cyberark.com\/it\/#website\"},\"datePublished\":\"2019-10-11T13:21:09+00:00\",\"dateModified\":\"2024-08-06T07:48:54+00:00\",\"breadcrumb\":{\"@id\":\"https:\/\/www.cyberark.com\/it\/environment-1\/#breadcrumb\"},\"inLanguage\":\"it-IT\",\"potentialAction\":[{\"@type\":\"ReadAction\",\"target\":[\"https:\/\/www.cyberark.com\/it\/environment-1\/\"]}]},{\"@type\":\"BreadcrumbList\",\"@id\":\"https:\/\/www.cyberark.com\/it\/environment-1\/#breadcrumb\",\"itemListElement\":[{\"@type\":\"ListItem\",\"position\":1,\"name\":\"Home\",\"item\":\"https:\/\/www.cyberark.com\/it\/\"},{\"@type\":\"ListItem\",\"position\":2,\"name\":\"Ambiente\"}]},{\"@type\":\"WebSite\",\"@id\":\"https:\/\/www.cyberark.com\/it\/#website\",\"url\":\"https:\/\/www.cyberark.com\/it\/\",\"name\":\"CyberArk\",\"description\":\"\",\"publisher\":{\"@id\":\"https:\/\/www.cyberark.com\/it\/#organization\"},\"potentialAction\":[{\"@type\":\"SearchAction\",\"target\":{\"@type\":\"EntryPoint\",\"urlTemplate\":\"https:\/\/www.cyberark.com\/it\/?s={search_term_string}\"},\"query-input\":{\"@type\":\"PropertyValueSpecification\",\"valueRequired\":true,\"valueName\":\"search_term_string\"}}],\"inLanguage\":\"it-IT\"},{\"@type\":\"Organization\",\"@id\":\"https:\/\/www.cyberark.com\/it\/#organization\",\"name\":\"CyberArk Software\",\"url\":\"https:\/\/www.cyberark.com\/it\/\",\"logo\":{\"@type\":\"ImageObject\",\"inLanguage\":\"it-IT\",\"@id\":\"https:\/\/www.cyberark.com\/it\/#\/schema\/logo\/image\/\",\"url\":\"https:\/\/www.cyberark.com\/wp-content\/uploads\/2021\/02\/cyberark-logo-dark.svg\",\"contentUrl\":\"https:\/\/www.cyberark.com\/wp-content\/uploads\/2021\/02\/cyberark-logo-dark.svg\",\"width\":\"1024\",\"height\":\"1024\",\"caption\":\"CyberArk Software\"},\"image\":{\"@id\":\"https:\/\/www.cyberark.com\/it\/#\/schema\/logo\/image\/\"},\"sameAs\":[\"https:\/\/www.facebook.com\/CyberArk\/\",\"https:\/\/x.com\/CyberArk\",\"https:\/\/www.linkedin.com\/company\/cyber-ark-software\/\"]}]}<\/script>\n<!-- \/ Yoast SEO Premium plugin. -->","yoast_head_json":{"title":"Ambiente | CyberArk","robots":{"index":"index","follow":"follow","max-snippet":"max-snippet:-1","max-image-preview":"max-image-preview:large","max-video-preview":"max-video-preview:-1"},"canonical":"https:\/\/www.cyberark.com\/it\/environment-1\/","og_locale":"it_IT","og_type":"article","og_title":"Ambiente","og_description":"[vc_row full_width=&#8221;stretch_row&#8221; content_placement=&#8221;top&#8221; css=&#8221;.vc_custom_1570630009815{background-image: url(https:\/\/www.cyberark.com\/wp-content\/uploads\/2019\/10\/environment-hero.jpg?id=75450) !important;background-position: center !important;background-repeat: no-repeat !important;background-size: cover !important;}&#8221; el_class=&#8221;cyb-hero-section&#8221;][vc_column][vc_row_inner content_placement=&#8221;middle&#8221; el_class=&#8221;cyb-hero-header&#8221;][vc_column_inner el_class=&#8221;cyb-hero-header-text&#8221;][vc_custom_heading text=&#8221;AMBIENTE&#8221; font_container=&#8221;tag:h1|text_align:left&#8221; use_theme_fonts=&#8221;yes&#8221;][vc_custom_heading text=&#8221;Sicuro e sostenibile, un approccio moderno al business globale.&#8221; font_container=&#8221;tag:h3|text_align:left&#8221; use_theme_fonts=&#8221;yes&#8221;][\/vc_column_inner][\/vc_row_inner][\/vc_column][\/vc_row][vc_row][vc_column width=&#8221;2\/3&#8243; css=&#8221;.vc_custom_1570554206386{padding-top: 2.125rem !important;padding-right: 0px...","og_url":"https:\/\/www.cyberark.com\/it\/environment-1\/","og_site_name":"CyberArk","article_publisher":"https:\/\/www.facebook.com\/CyberArk\/","article_modified_time":"2024-08-06T07:48:54+00:00","og_image":[{"width":1024,"height":535,"url":"https:\/\/www.cyberark.com\/wp-content\/uploads\/2022\/09\/CYBR-gradient-bg-og-120x627-01-1024x535.png","type":"image\/png"}],"twitter_card":"summary_large_image","twitter_site":"@CyberArk","twitter_misc":{"Tempo di lettura stimato":"2 minuti"},"schema":{"@context":"https:\/\/schema.org","@graph":[{"@type":"WebPage","@id":"https:\/\/www.cyberark.com\/it\/environment-1\/","url":"https:\/\/www.cyberark.com\/it\/environment-1\/","name":"Ambiente | CyberArk","isPartOf":{"@id":"https:\/\/www.cyberark.com\/it\/#website"},"datePublished":"2019-10-11T13:21:09+00:00","dateModified":"2024-08-06T07:48:54+00:00","breadcrumb":{"@id":"https:\/\/www.cyberark.com\/it\/environment-1\/#breadcrumb"},"inLanguage":"it-IT","potentialAction":[{"@type":"ReadAction","target":["https:\/\/www.cyberark.com\/it\/environment-1\/"]}]},{"@type":"BreadcrumbList","@id":"https:\/\/www.cyberark.com\/it\/environment-1\/#breadcrumb","itemListElement":[{"@type":"ListItem","position":1,"name":"Home","item":"https:\/\/www.cyberark.com\/it\/"},{"@type":"ListItem","position":2,"name":"Ambiente"}]},{"@type":"WebSite","@id":"https:\/\/www.cyberark.com\/it\/#website","url":"https:\/\/www.cyberark.com\/it\/","name":"CyberArk","description":"","publisher":{"@id":"https:\/\/www.cyberark.com\/it\/#organization"},"potentialAction":[{"@type":"SearchAction","target":{"@type":"EntryPoint","urlTemplate":"https:\/\/www.cyberark.com\/it\/?s={search_term_string}"},"query-input":{"@type":"PropertyValueSpecification","valueRequired":true,"valueName":"search_term_string"}}],"inLanguage":"it-IT"},{"@type":"Organization","@id":"https:\/\/www.cyberark.com\/it\/#organization","name":"CyberArk Software","url":"https:\/\/www.cyberark.com\/it\/","logo":{"@type":"ImageObject","inLanguage":"it-IT","@id":"https:\/\/www.cyberark.com\/it\/#\/schema\/logo\/image\/","url":"https:\/\/www.cyberark.com\/wp-content\/uploads\/2021\/02\/cyberark-logo-dark.svg","contentUrl":"https:\/\/www.cyberark.com\/wp-content\/uploads\/2021\/02\/cyberark-logo-dark.svg","width":"1024","height":"1024","caption":"CyberArk Software"},"image":{"@id":"https:\/\/www.cyberark.com\/it\/#\/schema\/logo\/image\/"},"sameAs":["https:\/\/www.facebook.com\/CyberArk\/","https:\/\/x.com\/CyberArk","https:\/\/www.linkedin.com\/company\/cyber-ark-software\/"]}]}},"_links":{"self":[{"href":"https:\/\/www.cyberark.com\/it\/wp-json\/wp\/v2\/pages\/75568","targetHints":{"allow":["GET"]}}],"collection":[{"href":"https:\/\/www.cyberark.com\/it\/wp-json\/wp\/v2\/pages"}],"about":[{"href":"https:\/\/www.cyberark.com\/it\/wp-json\/wp\/v2\/types\/page"}],"author":[{"embeddable":true,"href":"https:\/\/www.cyberark.com\/it\/wp-json\/wp\/v2\/users\/125"}],"replies":[{"embeddable":true,"href":"https:\/\/www.cyberark.com\/it\/wp-json\/wp\/v2\/comments?post=75568"}],"version-history":[{"count":0,"href":"https:\/\/www.cyberark.com\/it\/wp-json\/wp\/v2\/pages\/75568\/revisions"}],"wp:attachment":[{"href":"https:\/\/www.cyberark.com\/it\/wp-json\/wp\/v2\/media?parent=75568"}],"wp:term":[{"taxonomy":"product_category","embeddable":true,"href":"https:\/\/www.cyberark.com\/it\/wp-json\/wp\/v2\/product_category?post=75568"}],"curies":[{"name":"wp","href":"https:\/\/api.w.org\/{rel}","templated":true}]}}